{"id":1671,"date":"2025-04-04T07:25:33","date_gmt":"2025-04-04T07:25:33","guid":{"rendered":"https:\/\/tac-tic-animation.org\/?page_id=1671"},"modified":"2025-09-16T14:16:58","modified_gmt":"2025-09-16T14:16:58","slug":"1671-2","status":"publish","type":"page","link":"https:\/\/tac-tic-animation.org\/?page_id=1671","title":{"rendered":"Parentalit\u00e9 num\u00e9rique"},"content":{"rendered":"<p>[et_pb_section fb_built=\u00a0\u00bb1&Prime; _builder_version=\u00a0\u00bb4.27.4&Prime; _module_preset=\u00a0\u00bbdefault\u00a0\u00bb background_color=\u00a0\u00bbrgba(10,10,10,0.44)\u00a0\u00bb background_image=\u00a0\u00bbhttps:\/\/tac-tic-animation.org\/wp-content\/uploads\/2025\/04\/ai-generated-8932054_1280.png\u00a0\u00bb background_blend=\u00a0\u00bbcolor-burn\u00a0\u00bb custom_padding=\u00a0\u00bb34px||34px||true|false\u00a0\u00bb global_colors_info=\u00a0\u00bb{}\u00a0\u00bb][et_pb_row _builder_version=\u00a0\u00bb4.27.4&Prime; _module_preset=\u00a0\u00bbdefault\u00a0\u00bb global_colors_info=\u00a0\u00bb{}\u00a0\u00bb][et_pb_column type=\u00a0\u00bb4_4&Prime; _builder_version=\u00a0\u00bb4.27.4&Prime; _module_preset=\u00a0\u00bbdefault\u00a0\u00bb global_colors_info=\u00a0\u00bb{}\u00a0\u00bb][et_pb_text _builder_version=\u00a0\u00bb4.27.4&Prime; _module_preset=\u00a0\u00bbdefault\u00a0\u00bb text_text_color=\u00a0\u00bb#FFFFFF\u00a0\u00bb text_letter_spacing=\u00a0\u00bb3px\u00a0\u00bb global_colors_info=\u00a0\u00bb{}\u00a0\u00bb]<\/p>\n<h1 style=\"text-align: center; font-size: 32pt;\"><span style=\"color: #ffffff;\">Parentalit\u00e9 num\u00e9rique 2025<\/span><\/h1>\n<p>[\/et_pb_text][\/et_pb_column][\/et_pb_row][\/et_pb_section][et_pb_section fb_built=\u00a0\u00bb1&Prime; _builder_version=\u00a0\u00bb4.27.4&Prime; _module_preset=\u00a0\u00bbdefault\u00a0\u00bb custom_padding=\u00a0\u00bb0px||0px||false|false\u00a0\u00bb global_colors_info=\u00a0\u00bb{}\u00a0\u00bb][et_pb_row _builder_version=\u00a0\u00bb4.27.4&Prime; _module_preset=\u00a0\u00bbdefault\u00a0\u00bb custom_padding=\u00a0\u00bb12px||12px||true|false\u00a0\u00bb global_colors_info=\u00a0\u00bb{}\u00a0\u00bb][et_pb_column type=\u00a0\u00bb4_4&Prime; _builder_version=\u00a0\u00bb4.27.4&Prime; _module_preset=\u00a0\u00bbdefault\u00a0\u00bb global_colors_info=\u00a0\u00bb{}\u00a0\u00bb][et_pb_text _builder_version=\u00a0\u00bb4.27.4&Prime; _module_preset=\u00a0\u00bbdefault\u00a0\u00bb text_font_size=\u00a0\u00bb24px\u00a0\u00bb global_colors_info=\u00a0\u00bb{}\u00a0\u00bb]<\/p>\n<p style=\"text-align: center;\">Le programme <br \/><span style=\"font-size : 10pt\">(cliquer pour plus de d\u00e9tails)<\/span><\/p>\n<p>[\/et_pb_text][\/et_pb_column][\/et_pb_row][et_pb_row column_structure=\u00a0\u00bb1_4,1_4,1_4,1_4&Prime; _builder_version=\u00a0\u00bb4.27.4&Prime; _module_preset=\u00a0\u00bbdefault\u00a0\u00bb width=\u00a0\u00bb90%\u00a0\u00bb custom_padding=\u00a0\u00bb5px||5px||true|false\u00a0\u00bb hover_transition_duration=\u00a0\u00bb500ms\u00a0\u00bb global_colors_info=\u00a0\u00bb{}\u00a0\u00bb][et_pb_column type=\u00a0\u00bb1_4&Prime; _builder_version=\u00a0\u00bb4.27.4&Prime; _module_preset=\u00a0\u00bbdefault\u00a0\u00bb global_colors_info=\u00a0\u00bb{}\u00a0\u00bb][et_pb_image src=\u00a0\u00bbhttps:\/\/tac-tic-animation.org\/wp-content\/uploads\/2025\/04\/A.png\u00a0\u00bb title_text=\u00a0\u00bbA\u00a0\u00bb url=\u00a0\u00bb#article-cible1&Prime; _builder_version=\u00a0\u00bb4.27.4&Prime; _module_preset=\u00a0\u00bbdefault\u00a0\u00bb global_colors_info=\u00a0\u00bb{}\u00a0\u00bb][\/et_pb_image][\/et_pb_column][et_pb_column type=\u00a0\u00bb1_4&Prime; _builder_version=\u00a0\u00bb4.27.4&Prime; _module_preset=\u00a0\u00bbdefault\u00a0\u00bb global_colors_info=\u00a0\u00bb{}\u00a0\u00bb][et_pb_image src=\u00a0\u00bbhttps:\/\/tac-tic-animation.org\/wp-content\/uploads\/2025\/04\/Theatre-Forum-1-1.png\u00a0\u00bb title_text=\u00a0\u00bbTh\u00e9\u00e2tre Forum (1)\u00a0\u00bb url=\u00a0\u00bb#article-cible2&Prime; _builder_version=\u00a0\u00bb4.27.4&Prime; _module_preset=\u00a0\u00bbdefault\u00a0\u00bb global_colors_info=\u00a0\u00bb{}\u00a0\u00bb][\/et_pb_image][\/et_pb_column][et_pb_column type=\u00a0\u00bb1_4&Prime; _builder_version=\u00a0\u00bb4.27.4&Prime; _module_preset=\u00a0\u00bbdefault\u00a0\u00bb global_colors_info=\u00a0\u00bb{}\u00a0\u00bb][et_pb_image src=\u00a0\u00bbhttps:\/\/tac-tic-animation.org\/wp-content\/uploads\/2025\/05\/Theatre-Forum-2.png\u00a0\u00bb title_text=\u00a0\u00bbTh\u00e9\u00e2tre Forum (2)\u00a0\u00bb url=\u00a0\u00bb#article-cible3&Prime; _builder_version=\u00a0\u00bb4.27.4&Prime; _module_preset=\u00a0\u00bbdefault\u00a0\u00bb global_colors_info=\u00a0\u00bb{}\u00a0\u00bb][\/et_pb_image][\/et_pb_column][et_pb_column type=\u00a0\u00bb1_4&Prime; _builder_version=\u00a0\u00bb4.27.4&Prime; _module_preset=\u00a0\u00bbdefault\u00a0\u00bb global_colors_info=\u00a0\u00bb{}\u00a0\u00bb][et_pb_image src=\u00a0\u00bbhttps:\/\/tac-tic-animation.org\/wp-content\/uploads\/2025\/04\/7.png\u00a0\u00bb title_text=\u00a0\u00bb7&Prime; url=\u00a0\u00bb#article-cible4&Prime; _builder_version=\u00a0\u00bb4.27.4&Prime; _module_preset=\u00a0\u00bbdefault\u00a0\u00bb global_colors_info=\u00a0\u00bb{}\u00a0\u00bb][\/et_pb_image][\/et_pb_column][\/et_pb_row][et_pb_row _builder_version=\u00a0\u00bb4.27.4&Prime; _module_preset=\u00a0\u00bbdefault\u00a0\u00bb global_colors_info=\u00a0\u00bb{}\u00a0\u00bb][et_pb_column type=\u00a0\u00bb4_4&Prime; _builder_version=\u00a0\u00bb4.27.4&Prime; _module_preset=\u00a0\u00bbdefault\u00a0\u00bb global_colors_info=\u00a0\u00bb{}\u00a0\u00bb][et_pb_text _builder_version=\u00a0\u00bb4.27.4&Prime; _module_preset=\u00a0\u00bbdefault\u00a0\u00bb text_font_size=\u00a0\u00bb24px\u00a0\u00bb global_colors_info=\u00a0\u00bb{}\u00a0\u00bb]<\/p>\n<p style=\"text-align: center;\">D\u00e9fi : 10 jours sans \u00e9cran<\/p>\n<p>[\/et_pb_text][\/et_pb_column][\/et_pb_row][et_pb_row column_structure=\u00a0\u00bb2_5,3_5&Prime; _builder_version=\u00a0\u00bb4.27.4&Prime; _module_preset=\u00a0\u00bbdefault\u00a0\u00bb custom_padding=\u00a0\u00bb0px||0px||false|false\u00a0\u00bb global_colors_info=\u00a0\u00bb{}\u00a0\u00bb][et_pb_column type=\u00a0\u00bb2_5&Prime; _builder_version=\u00a0\u00bb4.27.4&Prime; _module_preset=\u00a0\u00bbdefault\u00a0\u00bb global_colors_info=\u00a0\u00bb{}\u00a0\u00bb][et_pb_image src=\u00a0\u00bbhttps:\/\/tac-tic-animation.org\/wp-content\/uploads\/2025\/04\/Theatre-Forum-1.png\u00a0\u00bb title_text=\u00a0\u00bbTh\u00e9\u00e2tre Forum\u00a0\u00bb align=\u00a0\u00bbcenter\u00a0\u00bb _builder_version=\u00a0\u00bb4.27.4&Prime; _module_preset=\u00a0\u00bbdefault\u00a0\u00bb global_colors_info=\u00a0\u00bb{}\u00a0\u00bb][\/et_pb_image][\/et_pb_column][et_pb_column type=\u00a0\u00bb3_5&Prime; _builder_version=\u00a0\u00bb4.27.4&Prime; _module_preset=\u00a0\u00bbdefault\u00a0\u00bb global_colors_info=\u00a0\u00bb{}\u00a0\u00bb][et_pb_text _builder_version=\u00a0\u00bb4.27.4&Prime; _module_preset=\u00a0\u00bbdefault\u00a0\u00bb global_colors_info=\u00a0\u00bb{}\u00a0\u00bb]<\/p>\n<p><strong>D\u00e9fi termin\u00e9 !<\/strong><\/p>\n<p data-start=\"147\" data-end=\"562\" class=\"\"><strong data-start=\"147\" data-end=\"180\">Avez-vous relev\u00e9 le d\u00e9fi ?<\/strong><br data-start=\"180\" data-end=\"183\" \/>Le principe est simple : tenez 10 jours cons\u00e9cutifs en limitant au maximum les loisirs li\u00e9s aux \u00e9crans. Pas de s\u00e9rie, pas de r\u00e9seaux, pas de scroll infini.<br data-start=\"338\" data-end=\"341\" \/>Mais pas de panique \u2014 il existe une tonne d\u2019activit\u00e9s qu\u2019on oublie trop souvent. Jeux de soci\u00e9t\u00e9, musique, lecture, dessin, sport, papotes entre potes\u2026 ce d\u00e9fi, c\u2019est l\u2019occasion de red\u00e9couvrir tout ce qu\u2019on a mis de c\u00f4t\u00e9.<\/p>\n<p><strong>Merci pour votre participation !<\/strong><\/p>\n<p>[\/et_pb_text][\/et_pb_column][\/et_pb_row][et_pb_row _builder_version=\u00a0\u00bb4.27.4&Prime; _module_preset=\u00a0\u00bbdefault\u00a0\u00bb global_colors_info=\u00a0\u00bb{}\u00a0\u00bb][et_pb_column type=\u00a0\u00bb4_4&Prime; _builder_version=\u00a0\u00bb4.27.4&Prime; _module_preset=\u00a0\u00bbdefault\u00a0\u00bb global_colors_info=\u00a0\u00bb{}\u00a0\u00bb][et_pb_number_counter title=\u00a0\u00bbJours sans \u00e9cran, c&rsquo;est fait !\u00a0\u00bb number=\u00a0\u00bb10&Prime; percent_sign=\u00a0\u00bboff\u00a0\u00bb _builder_version=\u00a0\u00bb4.27.4&Prime; _module_preset=\u00a0\u00bbdefault\u00a0\u00bb title_text_color=\u00a0\u00bb#38A478&Prime; number_text_color=\u00a0\u00bb#38A478&Prime; global_colors_info=\u00a0\u00bb{}\u00a0\u00bb][\/et_pb_number_counter][\/et_pb_column][\/et_pb_row][\/et_pb_section][et_pb_section fb_built=\u00a0\u00bb1&Prime; _builder_version=\u00a0\u00bb4.27.4&Prime; _module_preset=\u00a0\u00bbdefault\u00a0\u00bb custom_padding=\u00a0\u00bb0px||0px||false|false\u00a0\u00bb global_colors_info=\u00a0\u00bb{}\u00a0\u00bb][et_pb_row _builder_version=\u00a0\u00bb4.27.4&Prime; _module_preset=\u00a0\u00bbdefault\u00a0\u00bb global_colors_info=\u00a0\u00bb{}\u00a0\u00bb][et_pb_column type=\u00a0\u00bb4_4&Prime; _builder_version=\u00a0\u00bb4.27.4&Prime; _module_preset=\u00a0\u00bbdefault\u00a0\u00bb global_colors_info=\u00a0\u00bb{}\u00a0\u00bb][et_pb_text _builder_version=\u00a0\u00bb4.27.4&Prime; _module_preset=\u00a0\u00bbdefault\u00a0\u00bb text_font_size=\u00a0\u00bb24px\u00a0\u00bb global_colors_info=\u00a0\u00bb{}\u00a0\u00bb]<\/p>\n<p style=\"text-align: center;\">Le programme d\u00e9taill\u00e9<\/p>\n<p>[\/et_pb_text][\/et_pb_column][\/et_pb_row][et_pb_row _builder_version=\u00a0\u00bb4.27.4&Prime; _module_preset=\u00a0\u00bbdefault\u00a0\u00bb global_colors_info=\u00a0\u00bb{}\u00a0\u00bb][et_pb_column type=\u00a0\u00bb4_4&Prime; _builder_version=\u00a0\u00bb4.27.4&Prime; _module_preset=\u00a0\u00bbdefault\u00a0\u00bb global_colors_info=\u00a0\u00bb{}\u00a0\u00bb][et_pb_testimonial author=\u00a0\u00bbAteliers Parents\/Enfants\u00a0\u00bb job_title=\u00a0\u00bbDe Janvier \u00e0 D\u00e9cembre\u00a0\u00bb company_name=\u00a0\u00bbpar Tac Tic Animation\u00a0\u00bb portrait_url=\u00a0\u00bbhttps:\/\/tac-tic-animation.org\/wp-content\/uploads\/2025\/04\/Theatre-Forum.png\u00a0\u00bb module_id=\u00a0\u00bbarticle-cible1&Prime; _builder_version=\u00a0\u00bb4.27.4&Prime; _module_preset=\u00a0\u00bbdefault\u00a0\u00bb global_colors_info=\u00a0\u00bb{}\u00a0\u00bb]<\/p>\n<p>Des ateliers conviviaux, enrichissants, o\u00f9 on prend le temps de r\u00e9fl\u00e9chir ensemble : comment accompagner les enfants sans forc\u00e9ment passer par le num\u00e9rique, tout en respectant leur rythme, leurs besoins, leur d\u00e9veloppement. Bref, du bon sens, du partage, et un peu de recul dans un monde qui \u00e9volue \u00e0 vitesse grand V !<\/p>\n<p>[\/et_pb_testimonial][et_pb_testimonial author=\u00a0\u00bbTh\u00e9\u00e2tre forum\u00a0\u00bb job_title=\u00a0\u00bbLe 29 Avril \u00e0 la salle polyvalente de Vervins \u00e0 18h\u00a0\u00bb company_name=\u00a0\u00bbpar la compagnie Acaly\u00a0\u00bb portrait_url=\u00a0\u00bbhttps:\/\/tac-tic-animation.org\/wp-content\/uploads\/2025\/04\/4.png\u00a0\u00bb module_id=\u00a0\u00bbarticle-cible2&Prime; _builder_version=\u00a0\u00bb4.27.4&Prime; _module_preset=\u00a0\u00bbdefault\u00a0\u00bb locked=\u00a0\u00bboff\u00a0\u00bb global_colors_info=\u00a0\u00bb{}\u00a0\u00bb]<\/p>\n<p>\u00ab\u00a0\u00c9cran Total\u00a0\u00bb, un th\u00e9\u00e2tre forum men\u00e9 par la compagnie Acaly pour aborder les effets des \u00e9crans autrement. Une fa\u00e7on ludique et percutante de se poser les bonnes questions, de discuter et de r\u00e9fl\u00e9chir ensemble, sans prise de t\u00eate. Une exp\u00e9rience th\u00e9\u00e2trale o\u00f9 l\u2019on rit, on \u00e9change, et surtout, on prend du recul face aux \u00e9crans !<\/p>\n<p>[\/et_pb_testimonial][et_pb_testimonial author=\u00a0\u00bbSoir\u00e9es d&rsquo;\u00e9changes\u00a0\u00bb job_title=\u00a0\u00bbLes 5 et 6 Mai \u00e0 18h\u00a0\u00bb company_name=\u00a0\u00bbpar Tac Tic Animation et Canop\u00e9\u00a0\u00bb portrait_url=\u00a0\u00bbhttps:\/\/tac-tic-animation.org\/wp-content\/uploads\/2025\/04\/6.png\u00a0\u00bb module_id=\u00a0\u00bbarticle-cible3&Prime; _builder_version=\u00a0\u00bb4.27.4&Prime; _module_preset=\u00a0\u00bbdefault\u00a0\u00bb locked=\u00a0\u00bboff\u00a0\u00bb global_colors_info=\u00a0\u00bb{}\u00a0\u00bb]<\/p>\n<p>Offrir un v\u00e9ritable espace d\u2019\u00e9change aux parents pour qu&rsquo;ils puissent partager leurs inqui\u00e9tudes, leurs besoins et leur ressenti face \u00e0 la parentalit\u00e9 num\u00e9rique. Un moment d\u2019\u00e9coute, de dialogue et de compr\u00e9hension pour mieux accompagner nos enfants dans ce monde connect\u00e9 !<\/p>\n<p>[\/et_pb_testimonial][et_pb_testimonial author=\u00a0\u00bbSemaine de la famille\u00a0\u00bb job_title=\u00a0\u00bbDu 20 au 24 Octobre\u00a0\u00bb company_name=\u00a0\u00bbpar Tac Tic Animation et de nombreux intervenants\u00a0\u00bb portrait_url=\u00a0\u00bbhttps:\/\/tac-tic-animation.org\/wp-content\/uploads\/2025\/04\/8.png\u00a0\u00bb module_id=\u00a0\u00bbarticle-cible4&Prime; _builder_version=\u00a0\u00bb4.27.4&Prime; _module_preset=\u00a0\u00bbdefault\u00a0\u00bb locked=\u00a0\u00bboff\u00a0\u00bb global_colors_info=\u00a0\u00bb{}\u00a0\u00bb]<\/p>\n<p>Comme chaque ann\u00e9e, Tac Tic Animation vous invite \u00e0 sa Semaine de la famille, avec une s\u00e9rie d\u2019animations autour d\u2019un th\u00e8me central. Cette ann\u00e9e, on met la parentalit\u00e9 num\u00e9rique sous les projecteurs ! Un programme riche et vari\u00e9, avec des intervenants experts pour aborder tous les aspects de ce sujet essentiel, et vous donner des cl\u00e9s pour mieux naviguer dans l\u2019univers num\u00e9rique avec vos enfants !<\/p>\n<p>(Plus d&rsquo;informations seront \u00e0 venir en temps voulu, restez \u00e0 l&rsquo;\u00e9coute !)<\/p>\n<p>[\/et_pb_testimonial][\/et_pb_column][\/et_pb_row][et_pb_row _builder_version=\u00a0\u00bb4.27.4&Prime; _module_preset=\u00a0\u00bbdefault\u00a0\u00bb][et_pb_column _builder_version=\u00a0\u00bb4.27.4&Prime; _module_preset=\u00a0\u00bbdefault\u00a0\u00bb type=\u00a0\u00bb4_4&Prime;][et_pb_image src=\u00a0\u00bbhttps:\/\/tac-tic-animation.org\/wp-content\/uploads\/2025\/09\/Programmation-ok.jpg\u00a0\u00bb _builder_version=\u00a0\u00bb4.27.4&Prime; _module_preset=\u00a0\u00bbdefault\u00a0\u00bb title_text=\u00a0\u00bbProgrammation ok\u00a0\u00bb hover_enabled=\u00a0\u00bb0&Prime; sticky_enabled=\u00a0\u00bb0&Prime;][\/et_pb_image][\/et_pb_column][\/et_pb_row][et_pb_row _builder_version=\u00a0\u00bb4.27.4&Prime; _module_preset=\u00a0\u00bbdefault\u00a0\u00bb global_colors_info=\u00a0\u00bb{}\u00a0\u00bb][et_pb_column type=\u00a0\u00bb4_4&Prime; _builder_version=\u00a0\u00bb4.27.4&Prime; _module_preset=\u00a0\u00bbdefault\u00a0\u00bb global_colors_info=\u00a0\u00bb{}\u00a0\u00bb][et_pb_text _builder_version=\u00a0\u00bb4.27.4&Prime; _module_preset=\u00a0\u00bbdefault\u00a0\u00bb text_font_size=\u00a0\u00bb24px\u00a0\u00bb global_colors_info=\u00a0\u00bb{}\u00a0\u00bb]<\/p>\n<p style=\"text-align: center;\">Retours vid\u00e9os<\/p>\n<p>[\/et_pb_text][\/et_pb_column][\/et_pb_row][et_pb_row _builder_version=\u00a0\u00bb4.27.4&Prime; _module_preset=\u00a0\u00bbdefault\u00a0\u00bb global_colors_info=\u00a0\u00bb{}\u00a0\u00bb][et_pb_column type=\u00a0\u00bb4_4&Prime; _builder_version=\u00a0\u00bb4.27.4&Prime; _module_preset=\u00a0\u00bbdefault\u00a0\u00bb global_colors_info=\u00a0\u00bb{}\u00a0\u00bb][et_pb_video src=\u00a0\u00bbhttps:\/\/youtu.be\/SFSymOiEfZ0&Prime; _builder_version=\u00a0\u00bb4.27.4&Prime; _module_preset=\u00a0\u00bbdefault\u00a0\u00bb global_colors_info=\u00a0\u00bb{}\u00a0\u00bb][\/et_pb_video][\/et_pb_column][\/et_pb_row][et_pb_row _builder_version=\u00a0\u00bb4.27.4&Prime; _module_preset=\u00a0\u00bbdefault\u00a0\u00bb global_colors_info=\u00a0\u00bb{}\u00a0\u00bb][et_pb_column type=\u00a0\u00bb4_4&Prime; _builder_version=\u00a0\u00bb4.27.4&Prime; _module_preset=\u00a0\u00bbdefault\u00a0\u00bb global_colors_info=\u00a0\u00bb{}\u00a0\u00bb][et_pb_video src=\u00a0\u00bbhttps:\/\/www.youtube.com\/watch?v=IU8axIOE2B0&Prime; _builder_version=\u00a0\u00bb4.27.4&Prime; _module_preset=\u00a0\u00bbdefault\u00a0\u00bb global_colors_info=\u00a0\u00bb{}\u00a0\u00bb][\/et_pb_video][\/et_pb_column][\/et_pb_row][et_pb_row _builder_version=\u00a0\u00bb4.27.4&Prime; _module_preset=\u00a0\u00bbdefault\u00a0\u00bb width=\u00a0\u00bb100%\u00a0\u00bb custom_padding=\u00a0\u00bb0px||0px||false|false\u00a0\u00bb global_colors_info=\u00a0\u00bb{}\u00a0\u00bb][et_pb_column type=\u00a0\u00bb4_4&Prime; _builder_version=\u00a0\u00bb4.27.4&Prime; _module_preset=\u00a0\u00bbdefault\u00a0\u00bb global_colors_info=\u00a0\u00bb{}\u00a0\u00bb][et_pb_image src=\u00a0\u00bbhttps:\/\/tac-tic-animation.org\/wp-content\/uploads\/2025\/05\/NOUVEAU-PHASE-3-Copie-scaled.png\u00a0\u00bb title_text=\u00a0\u00bbNOUVEAU &#8211; PHASE 3 &#8211; Copie\u00a0\u00bb _builder_version=\u00a0\u00bb4.27.4&Prime; _module_preset=\u00a0\u00bbdefault\u00a0\u00bb global_colors_info=\u00a0\u00bb{}\u00a0\u00bb][\/et_pb_image][\/et_pb_column][\/et_pb_row][\/et_pb_section]<\/p>\n","protected":false},"excerpt":{"rendered":"<p>Parentalit\u00e9 num\u00e9rique 2025Le programme (cliquer pour plus de d\u00e9tails)D\u00e9fi : 10 jours sans \u00e9cranD\u00e9fi termin\u00e9 ! Avez-vous relev\u00e9 le d\u00e9fi ?Le principe est simple : tenez 10 jours cons\u00e9cutifs en limitant au maximum les loisirs li\u00e9s aux \u00e9crans. Pas de s\u00e9rie, pas de r\u00e9seaux, pas de scroll infini.Mais pas de panique \u2014 il existe une [&hellip;]<\/p>\n","protected":false},"author":6,"featured_media":0,"parent":0,"menu_order":0,"comment_status":"closed","ping_status":"closed","template":"","meta":{"_et_pb_use_builder":"on","_et_pb_old_content":"","_et_gb_content_width":"","_uag_custom_page_level_css":"","footnotes":""},"class_list":["post-1671","page","type-page","status-publish","hentry"],"uagb_featured_image_src":{"full":false,"thumbnail":false,"medium":false,"medium_large":false,"large":false,"1536x1536":false,"2048x2048":false,"et-pb-post-main-image":false,"et-pb-post-main-image-fullwidth":false,"et-pb-portfolio-image":false,"et-pb-portfolio-module-image":false,"et-pb-portfolio-image-single":false,"et-pb-gallery-module-image-portrait":false,"et-pb-post-main-image-fullwidth-large":false,"et-pb-image--responsive--desktop":false,"et-pb-image--responsive--tablet":false,"et-pb-image--responsive--phone":false},"uagb_author_info":{"display_name":"Dylan Leporcq","author_link":"https:\/\/tac-tic-animation.org\/?author=6"},"uagb_comment_info":0,"uagb_excerpt":"Parentalit\u00e9 num\u00e9rique 2025Le programme (cliquer pour plus de d\u00e9tails)D\u00e9fi : 10 jours sans \u00e9cranD\u00e9fi termin\u00e9 ! Avez-vous relev\u00e9 le d\u00e9fi ?Le principe est simple : tenez 10 jours cons\u00e9cutifs en limitant au maximum les loisirs li\u00e9s aux \u00e9crans. Pas de s\u00e9rie, pas de r\u00e9seaux, pas de scroll infini.Mais pas de panique \u2014 il existe une\u2026","_links":{"self":[{"href":"https:\/\/tac-tic-animation.org\/index.php?rest_route=\/wp\/v2\/pages\/1671","targetHints":{"allow":["GET"]}}],"collection":[{"href":"https:\/\/tac-tic-animation.org\/index.php?rest_route=\/wp\/v2\/pages"}],"about":[{"href":"https:\/\/tac-tic-animation.org\/index.php?rest_route=\/wp\/v2\/types\/page"}],"author":[{"embeddable":true,"href":"https:\/\/tac-tic-animation.org\/index.php?rest_route=\/wp\/v2\/users\/6"}],"replies":[{"embeddable":true,"href":"https:\/\/tac-tic-animation.org\/index.php?rest_route=%2Fwp%2Fv2%2Fcomments&post=1671"}],"version-history":[{"count":4,"href":"https:\/\/tac-tic-animation.org\/index.php?rest_route=\/wp\/v2\/pages\/1671\/revisions"}],"predecessor-version":[{"id":1810,"href":"https:\/\/tac-tic-animation.org\/index.php?rest_route=\/wp\/v2\/pages\/1671\/revisions\/1810"}],"wp:attachment":[{"href":"https:\/\/tac-tic-animation.org\/index.php?rest_route=%2Fwp%2Fv2%2Fmedia&parent=1671"}],"curies":[{"name":"wp","href":"https:\/\/api.w.org\/{rel}","templated":true}]}}